{"id":10,"date":"2019-07-09T11:10:23","date_gmt":"2019-07-09T09:10:23","guid":{"rendered":"http:\/\/choeuretmusique.fr\/?page_id=10"},"modified":"2019-07-09T16:09:59","modified_gmt":"2019-07-09T14:09:59","slug":"contact","status":"publish","type":"page","link":"https:\/\/choeuretmusique.fr\/?page_id=10","title":{"rendered":"contact"},"content":{"rendered":"\n<p>Association Ch\u0153ur et Musique<\/p>\n\n\n\n<p>Adresse : Maison de la Musique, 12 rue Georges Clemenceau, 33185 Le Haillan<\/p>\n\n\n\n<p>T\u00e9l : 06.82.27.05.15<\/p>\n\n\n\n<p>Adresse Mail : choeursetmusique@gmail.com<\/p>\n\n\n\n<p>R\u00e9p\u00e9titions le Lundi soir \u00e0 l&rsquo;espace \u00ab\u00a0la Sabli\u00e8re\u00a0\u00bb au 57 rue du M\u00e9doc au Haillan<\/p>\n","protected":false},"excerpt":{"rendered":"<p>Association Ch\u0153ur et Musique Adresse : Maison de la Musique, 12 rue Georges Clemenceau, 33185 Le Haillan T\u00e9l : 06.82.27.05.15 Adresse Mail : choeursetmusique@gmail.com R\u00e9p\u00e9titions le Lundi soir \u00e0 l&rsquo;espace \u00ab\u00a0la Sabli\u00e8re\u00a0\u00bb au 57 rue du M\u00e9doc au Haillan<\/p>\n","protected":false},"author":1,"featured_media":0,"parent":0,"menu_order":0,"comment_status":"closed","ping_status":"closed","template":"","meta":[],"_links":{"self":[{"href":"https:\/\/choeuretmusique.fr\/index.php?rest_route=\/wp\/v2\/pages\/10"}],"collection":[{"href":"https:\/\/choeuretmusique.fr\/index.php?rest_route=\/wp\/v2\/pages"}],"about":[{"href":"https:\/\/choeuretmusique.fr\/index.php?rest_route=\/wp\/v2\/types\/page"}],"author":[{"embeddable":true,"href":"https:\/\/choeuretmusique.fr\/index.php?rest_route=\/wp\/v2\/users\/1"}],"replies":[{"embeddable":true,"href":"https:\/\/choeuretmusique.fr\/index.php?rest_route=%2Fwp%2Fv2%2Fcomments&post=10"}],"version-history":[{"count":5,"href":"https:\/\/choeuretmusique.fr\/index.php?rest_route=\/wp\/v2\/pages\/10\/revisions"}],"predecessor-version":[{"id":111,"href":"https:\/\/choeuretmusique.fr\/index.php?rest_route=\/wp\/v2\/pages\/10\/revisions\/111"}],"wp:attachment":[{"href":"https:\/\/choeuretmusique.fr\/index.php?rest_route=%2Fwp%2Fv2%2Fmedia&parent=10"}],"curies":[{"name":"wp","href":"https:\/\/api.w.org\/{rel}","templated":true}]}}