{"id":9,"date":"2019-07-09T11:10:23","date_gmt":"2019-07-09T09:10:23","guid":{"rendered":"http:\/\/choeuretmusique.fr\/?page_id=9"},"modified":"2019-07-10T14:13:18","modified_gmt":"2019-07-10T12:13:18","slug":"fonctionnement-horaires-et-tarifs","status":"publish","type":"page","link":"https:\/\/choeuretmusique.fr\/?page_id=9","title":{"rendered":"Fonctionnement"},"content":{"rendered":"\n<h4>Les R\u00e9p\u00e9titions <\/h4>\n\n\n\n<ul><li>Horaire : le Lundi Soir de 20h30 \u00e0 22h30 <\/li><li> Lieu : au Haillan \u00e0 l&rsquo;espace la Sabli\u00e8re 57 rue du M\u00e9doc. <\/li><li> Pr\u00e9sence des quatre voix et de tous les choristes<\/li><li> Les morceaux sont travaill\u00e9s pupitre par pupitre puis mis \u00ab\u00a0ensemble\u00a0\u00bb au fur et \u00e0 mesure. <\/li><li>Des fichiers audio sont mis \u00e0 disposition des choristes afin de leur permettre un compl\u00e9ment de travail chez eux pour l&rsquo;apprentissage des morceaux.<\/li><\/ul>\n\n\n\n<h4>Les Ateliers<\/h4>\n\n\n\n<ul><li>Horaires : Certains Jeudis (d\u00e9finis au fil de l&rsquo;ann\u00e9e suivant les besoins) de 21h \u00e0 22h30<\/li><li> Lieu : \u00e0 d\u00e9finir (en attente d&rsquo;informations) <\/li><li> Il peut s&rsquo;agir d&rsquo;atelier de travail de d\u00e9tail avec un ou deux pupitre  ou bien de travail \u00e0 4 voix avec seulement 3 ou 4 personnes par pupitres  ou encore de travail de technique vocale parfois m\u00eame avec des chanteurs  professionnels. <\/li><\/ul>\n\n\n\n<h4>Les Concerts<\/h4>\n\n\n\n<ul><li>Tenue : haut et bas noir avec un accessoire rouge (cravate, foulard, broche, n\u0153ud papillon, &#8230;)<\/li><li>Une r\u00e9p\u00e9tition g\u00e9n\u00e9rale un ou deux jours avant la date du concert \u00e0 l&rsquo;endroit du concert.<\/li><li>En g\u00e9n\u00e9ral entre 16 et 20 morceaux pour 50-60 min environ de musique, soit 1h30 de concert avec annonce et entracte.<\/li><\/ul>\n","protected":false},"excerpt":{"rendered":"<p>Les R\u00e9p\u00e9titions Horaire : le Lundi Soir de 20h30 \u00e0 22h30 Lieu : au Haillan \u00e0 l&rsquo;espace la Sabli\u00e8re 57 rue du M\u00e9doc. Pr\u00e9sence des quatre voix et de tous les choristes Les morceaux sont travaill\u00e9s pupitre par pupitre puis mis \u00ab\u00a0ensemble\u00a0\u00bb au fur et \u00e0 mesure. Des fichiers audio sont mis \u00e0 disposition des &hellip; <\/p>\n<p class=\"link-more\"><a href=\"https:\/\/choeuretmusique.fr\/?page_id=9\" class=\"more-link\">Continuer la lecture<span class=\"screen-reader-text\"> de &laquo;&nbsp;Fonctionnement&nbsp;&raquo;<\/span><\/a><\/p>\n","protected":false},"author":1,"featured_media":0,"parent":0,"menu_order":0,"comment_status":"closed","ping_status":"closed","template":"","meta":[],"_links":{"self":[{"href":"https:\/\/choeuretmusique.fr\/index.php?rest_route=\/wp\/v2\/pages\/9"}],"collection":[{"href":"https:\/\/choeuretmusique.fr\/index.php?rest_route=\/wp\/v2\/pages"}],"about":[{"href":"https:\/\/choeuretmusique.fr\/index.php?rest_route=\/wp\/v2\/types\/page"}],"author":[{"embeddable":true,"href":"https:\/\/choeuretmusique.fr\/index.php?rest_route=\/wp\/v2\/users\/1"}],"replies":[{"embeddable":true,"href":"https:\/\/choeuretmusique.fr\/index.php?rest_route=%2Fwp%2Fv2%2Fcomments&post=9"}],"version-history":[{"count":7,"href":"https:\/\/choeuretmusique.fr\/index.php?rest_route=\/wp\/v2\/pages\/9\/revisions"}],"predecessor-version":[{"id":79,"href":"https:\/\/choeuretmusique.fr\/index.php?rest_route=\/wp\/v2\/pages\/9\/revisions\/79"}],"wp:attachment":[{"href":"https:\/\/choeuretmusique.fr\/index.php?rest_route=%2Fwp%2Fv2%2Fmedia&parent=9"}],"curies":[{"name":"wp","href":"https:\/\/api.w.org\/{rel}","templated":true}]}}